{"id":3164,"date":"2024-07-16T10:17:52","date_gmt":"2024-07-16T10:17:52","guid":{"rendered":"https:\/\/nou3.design\/en\/restauracio\/"},"modified":"2024-10-25T09:33:48","modified_gmt":"2024-10-25T09:33:48","slug":"restauracio","status":"publish","type":"page","link":"https:\/\/nou3.design\/en\/restauracio\/","title":{"rendered":"Restauraci\u00f3"},"content":{"rendered":"<p>[et_pb_section fb_built=&#8221;1&#8243; admin_label=&#8221;section&#8221; _builder_version=&#8221;4.16&#8243; custom_padding=&#8221;||7px|||&#8221; global_colors_info=&#8221;{}&#8221;][et_pb_row admin_label=&#8221;row&#8221; _builder_version=&#8221;4.16&#8243; background_size=&#8221;initial&#8221; background_position=&#8221;top_left&#8221; background_repeat=&#8221;repeat&#8221; global_colors_info=&#8221;{}&#8221;][et_pb_column type=&#8221;4_4&#8243; _builder_version=&#8221;4.16&#8243; custom_padding=&#8221;|||&#8221; global_colors_info=&#8221;{}&#8221; custom_padding__hover=&#8221;|||&#8221;][et_pb_text _builder_version=&#8221;4.21.0&#8243; header_text_color=&#8221;#e02b20&#8243; header_3_line_height=&#8221;1.5em&#8221; global_colors_info=&#8221;{}&#8221;]<\/p>\n<h1 class=\"page-title\">Restauraci\u00f3<\/h1>\n<h3><\/h3>\n<h3>Una de les nostres especialitats m\u00e9s destacades \u00e9s l\u2019\u00e0mbit de la restauraci\u00f3. Un bon disseny \u00e9s una de les claus per atraure clients i seduir-los.<\/h3>\n<hr \/>\n<p><span>A m\u00e9s a m\u00e9s, s\u2019ha de tenir en compte tots els aspectes t\u00e8cnics i normatives que s\u2019han de complir i a la vegada, parant especial atenci\u00f3 a la il\u00b7luminaci\u00f3 on es pot obtenir un millor confort de cara els clients. Hem realitzat tant dissenys propis com dissenys ja fets per altres t\u00e8cnics (franqu\u00edcies, cadenes de restaurants\u2026). Tenim una gran varietat de obres, totes tractades de diferents percepcions i sempre regint-nos a les pautes del client. Tractem des de la distribucio, la imatge corporativa, mobiliari hostaleria i fins a l\u2019execucio de l\u2019obra.<\/span><\/p>\n<hr \/>\n<p>&nbsp;<\/p>\n<p>[\/et_pb_text][\/et_pb_column][\/et_pb_row][et_pb_row _builder_version=&#8221;4.27.2&#8243; _module_preset=&#8221;default&#8221; global_colors_info=&#8221;{}&#8221;][et_pb_column type=&#8221;4_4&#8243; _builder_version=&#8221;4.27.2&#8243; _module_preset=&#8221;default&#8221; global_colors_info=&#8221;{}&#8221;][et_pb_portfolio fullwidth=&#8221;off&#8221; posts_number=&#8221;15&#8243; include_categories=&#8221;46&#8243; show_categories=&#8221;off&#8221; show_pagination=&#8221;off&#8221; _builder_version=&#8221;4.27.2&#8243; _module_preset=&#8221;default&#8221; global_colors_info=&#8221;{}&#8221;][\/et_pb_portfolio][\/et_pb_column][\/et_pb_row][\/et_pb_section]<\/p>\n","protected":false},"excerpt":{"rendered":"<p>Restauraci\u00f3 Una de les nostres especialitats m\u00e9s destacades \u00e9s l\u2019\u00e0mbit de la restauraci\u00f3. Un bon disseny \u00e9s una de les claus per atraure clients i seduir-los. A m\u00e9s a m\u00e9s, s\u2019ha de tenir en compte tots els aspectes t\u00e8cnics i normatives que s\u2019han de complir i a la vegada, parant especial atenci\u00f3 a la il\u00b7luminaci\u00f3 [&hellip;]<\/p>\n","protected":false},"author":1,"featured_media":0,"parent":0,"menu_order":0,"comment_status":"closed","ping_status":"closed","template":"","meta":{"_et_pb_use_builder":"on","_et_pb_old_content":"","_et_gb_content_width":"","footnotes":""},"class_list":["post-3164","page","type-page","status-publish","hentry"],"_links":{"self":[{"href":"https:\/\/nou3.design\/en\/wp-json\/wp\/v2\/pages\/3164","targetHints":{"allow":["GET"]}}],"collection":[{"href":"https:\/\/nou3.design\/en\/wp-json\/wp\/v2\/pages"}],"about":[{"href":"https:\/\/nou3.design\/en\/wp-json\/wp\/v2\/types\/page"}],"author":[{"embeddable":true,"href":"https:\/\/nou3.design\/en\/wp-json\/wp\/v2\/users\/1"}],"replies":[{"embeddable":true,"href":"https:\/\/nou3.design\/en\/wp-json\/wp\/v2\/comments?post=3164"}],"version-history":[{"count":12,"href":"https:\/\/nou3.design\/en\/wp-json\/wp\/v2\/pages\/3164\/revisions"}],"predecessor-version":[{"id":3333,"href":"https:\/\/nou3.design\/en\/wp-json\/wp\/v2\/pages\/3164\/revisions\/3333"}],"wp:attachment":[{"href":"https:\/\/nou3.design\/en\/wp-json\/wp\/v2\/media?parent=3164"}],"curies":[{"name":"wp","href":"https:\/\/api.w.org\/{rel}","templated":true}]}}