{"id":3165,"date":"2024-07-16T10:21:14","date_gmt":"2024-07-16T10:21:14","guid":{"rendered":"https:\/\/nou3.design\/en\/alimentacio\/"},"modified":"2024-10-25T12:09:54","modified_gmt":"2024-10-25T12:09:54","slug":"alimentacio","status":"publish","type":"page","link":"https:\/\/nou3.design\/en\/alimentacio\/","title":{"rendered":"Alimentaci\u00f3"},"content":{"rendered":"<p>[et_pb_section fb_built=&#8221;1&#8243; admin_label=&#8221;section&#8221; _builder_version=&#8221;4.16&#8243; global_colors_info=&#8221;{}&#8221;][et_pb_row admin_label=&#8221;row&#8221; _builder_version=&#8221;4.16&#8243; background_size=&#8221;initial&#8221; background_position=&#8221;top_left&#8221; background_repeat=&#8221;repeat&#8221; global_colors_info=&#8221;{}&#8221;][et_pb_column type=&#8221;4_4&#8243; _builder_version=&#8221;4.16&#8243; custom_padding=&#8221;|||&#8221; global_colors_info=&#8221;{}&#8221; custom_padding__hover=&#8221;|||&#8221;][et_pb_text _builder_version=&#8221;4.21.0&#8243; header_text_color=&#8221;#e02b20&#8243; header_3_line_height=&#8221;1.5em&#8221; global_colors_info=&#8221;{}&#8221;]<\/p>\n<h1 class=\"page-title\">Alimentaci\u00f3<\/h1>\n<h3><\/h3>\n<h3>Aconseguim que el teu negoci sigui atractiu i funcional. Amb el color idoni per cada aliment, aconseguim potenciar el teu producte.<\/h3>\n<hr \/>\n<p><span>En tot establiment que es vulgui reformar s\u2019ha de tenir en compte a nivell de normativa tots els requisits que s\u2019han de complir segons el que demani el municipi. Realitzem un servei de \u201cclaus en m\u00e0\u201d, ens ocupem del projecte fins a la finalitzaci\u00f3 de la obra.<\/span><\/p>\n<hr \/>\n<p>&nbsp;<\/p>\n<p>[\/et_pb_text][et_pb_portfolio _builder_version=&#8221;4.27.2&#8243; _module_preset=&#8221;default&#8221; include_categories=&#8221;47&#8243; show_categories=&#8221;off&#8221; show_pagination=&#8221;off&#8221; fullwidth=&#8221;off&#8221; hover_enabled=&#8221;0&#8243; sticky_enabled=&#8221;0&#8243;][\/et_pb_portfolio][\/et_pb_column][\/et_pb_row][et_pb_row admin_label=&#8221;row&#8221; _builder_version=&#8221;4.27.2&#8243; background_size=&#8221;initial&#8221; background_position=&#8221;top_left&#8221; background_repeat=&#8221;repeat&#8221; hover_enabled=&#8221;0&#8243; global_colors_info=&#8221;{}&#8221; disabled_on=&#8221;on|on|on&#8221; disabled=&#8221;on&#8221; sticky_enabled=&#8221;0&#8243;][et_pb_column type=&#8221;4_4&#8243; _builder_version=&#8221;4.16&#8243; custom_padding=&#8221;|||&#8221; global_colors_info=&#8221;{}&#8221; custom_padding__hover=&#8221;|||&#8221;][et_pb_text _builder_version=&#8221;4.21.0&#8243; header_text_color=&#8221;#e02b20&#8243; header_3_line_height=&#8221;1.5em&#8221; global_colors_info=&#8221;{}&#8221;]<\/p>\n<h1 class=\"page-title\">Restauraci\u00f3<\/h1>\n<h3><\/h3>\n<h3>Una de les nostres especialitats m\u00e9s destacades \u00e9s l\u2019\u00e0mbit de la Restauraci\u00f3. Un bon disseny \u00e9s una de les claus per atraure clients i seduir-los.<\/h3>\n<hr \/>\n<p>A m\u00e9s a m\u00e9s, s\u2019ha de tenir en compte tots els aspectes t\u00e8cnics i normatives que s\u2019han de complir i a la vegada, parant especial atenci\u00f3 a la il\u00b7luminaci\u00f3 on es pot obtenir un millor confort de cara els clients. Hem realitzat tant dissenys propis com dissenys ja fets per altres t\u00e8cnics (franqu\u00edcies, cadenes de restaurants&#8230;). Tenim una gran varietat de obres, totes tractades de diferents percepcions i sempre regint-nos a les pautes del client. Tractem des de la distribucio, la imatge corporativa, mobiliari hostaleria i fins a l\u2019execucio de l\u2019obra.<\/p>\n<hr \/>\n<p>&nbsp;<\/p>\n<p>[\/et_pb_text][et_pb_blog fullwidth=&#8221;off&#8221; posts_number=&#8221;8&#8243; include_categories=&#8221;123&#8243; excerpt_length=&#8221;40&#8243; show_author=&#8221;off&#8221; show_date=&#8221;off&#8221; show_categories=&#8221;off&#8221; _builder_version=&#8221;4.16&#8243; header_font=&#8221;|700|||||||&#8221; header_text_color=&#8221;#e02b20&#8243; header_font_size=&#8221;22px&#8221; box_shadow_style_image=&#8221;preset6&#8243; global_colors_info=&#8221;{}&#8221;][\/et_pb_blog][\/et_pb_column][\/et_pb_row][\/et_pb_section]<\/p>\n","protected":false},"excerpt":{"rendered":"<p>Alimentaci\u00f3 Aconseguim que el teu negoci sigui atractiu i funcional. Amb el color idoni per cada aliment, aconseguim potenciar el teu producte. En tot establiment que es vulgui reformar s\u2019ha de tenir en compte a nivell de normativa tots els requisits que s\u2019han de complir segons el que demani el municipi. Realitzem un servei de [&hellip;]<\/p>\n","protected":false},"author":1,"featured_media":0,"parent":0,"menu_order":0,"comment_status":"closed","ping_status":"closed","template":"","meta":{"_et_pb_use_builder":"on","_et_pb_old_content":"","_et_gb_content_width":"","footnotes":""},"class_list":["post-3165","page","type-page","status-publish","hentry"],"_links":{"self":[{"href":"https:\/\/nou3.design\/en\/wp-json\/wp\/v2\/pages\/3165","targetHints":{"allow":["GET"]}}],"collection":[{"href":"https:\/\/nou3.design\/en\/wp-json\/wp\/v2\/pages"}],"about":[{"href":"https:\/\/nou3.design\/en\/wp-json\/wp\/v2\/types\/page"}],"author":[{"embeddable":true,"href":"https:\/\/nou3.design\/en\/wp-json\/wp\/v2\/users\/1"}],"replies":[{"embeddable":true,"href":"https:\/\/nou3.design\/en\/wp-json\/wp\/v2\/comments?post=3165"}],"version-history":[{"count":5,"href":"https:\/\/nou3.design\/en\/wp-json\/wp\/v2\/pages\/3165\/revisions"}],"predecessor-version":[{"id":3358,"href":"https:\/\/nou3.design\/en\/wp-json\/wp\/v2\/pages\/3165\/revisions\/3358"}],"wp:attachment":[{"href":"https:\/\/nou3.design\/en\/wp-json\/wp\/v2\/media?parent=3165"}],"curies":[{"name":"wp","href":"https:\/\/api.w.org\/{rel}","templated":true}]}}