{"id":3173,"date":"2024-07-16T10:24:22","date_gmt":"2024-07-16T10:24:22","guid":{"rendered":"https:\/\/nou3.design\/en\/oficines\/"},"modified":"2024-10-28T08:03:45","modified_gmt":"2024-10-28T08:03:45","slug":"oficines","status":"publish","type":"page","link":"https:\/\/nou3.design\/en\/oficines\/","title":{"rendered":"Oficines"},"content":{"rendered":"<p>[et_pb_section fb_built=&#8221;1&#8243; admin_label=&#8221;section&#8221; _builder_version=&#8221;4.27.2&#8243; hover_enabled=&#8221;0&#8243; global_colors_info=&#8221;{}&#8221; sticky_enabled=&#8221;0&#8243;][et_pb_row admin_label=&#8221;row&#8221; _builder_version=&#8221;4.16&#8243; background_size=&#8221;initial&#8221; background_position=&#8221;top_left&#8221; background_repeat=&#8221;repeat&#8221; global_colors_info=&#8221;{}&#8221;][et_pb_column type=&#8221;4_4&#8243; _builder_version=&#8221;4.16&#8243; custom_padding=&#8221;|||&#8221; global_colors_info=&#8221;{}&#8221; custom_padding__hover=&#8221;|||&#8221;][et_pb_text _builder_version=&#8221;4.21.0&#8243; header_text_color=&#8221;#e02b20&#8243; header_3_line_height=&#8221;1.5em&#8221; global_colors_info=&#8221;{}&#8221;]<\/p>\n<h1 class=\"page-title\">Oficines<\/h1>\n<h3><\/h3>\n<h3>Per poder reflectir els valors d\u2019una empresa \u00e9s essencial potenciar els espais amb una bona atmosfera, aquesta \u00e9s la que definitivament transmetr\u00e0 unes sensacions positives.<\/h3>\n<hr \/>\n<p><span>Ens hem especialitzat en l\u2019estudi de Feng Shui per la import\u00e0ncia que t\u00e9 un espai en plena harmonia dins l\u2019\u00e0mbit de treball.<\/span><\/p>\n<hr \/>\n<p>&nbsp;<\/p>\n<p>[\/et_pb_text][et_pb_portfolio fullwidth=&#8221;off&#8221; include_categories=&#8221;50&#8243; show_categories=&#8221;off&#8221; show_pagination=&#8221;off&#8221; _builder_version=&#8221;4.27.2&#8243; _module_preset=&#8221;default&#8221; hover_enabled=&#8221;0&#8243; global_colors_info=&#8221;{}&#8221; sticky_enabled=&#8221;0&#8243;][\/et_pb_portfolio][\/et_pb_column][\/et_pb_row][\/et_pb_section]<\/p>\n","protected":false},"excerpt":{"rendered":"<p>Oficines Per poder reflectir els valors d\u2019una empresa \u00e9s essencial potenciar els espais amb una bona atmosfera, aquesta \u00e9s la que definitivament transmetr\u00e0 unes sensacions positives. Ens hem especialitzat en l\u2019estudi de Feng Shui per la import\u00e0ncia que t\u00e9 un espai en plena harmonia dins l\u2019\u00e0mbit de treball. &nbsp;<\/p>\n","protected":false},"author":1,"featured_media":0,"parent":0,"menu_order":0,"comment_status":"closed","ping_status":"closed","template":"","meta":{"_et_pb_use_builder":"on","_et_pb_old_content":"","_et_gb_content_width":"","footnotes":""},"class_list":["post-3173","page","type-page","status-publish","hentry"],"_links":{"self":[{"href":"https:\/\/nou3.design\/en\/wp-json\/wp\/v2\/pages\/3173","targetHints":{"allow":["GET"]}}],"collection":[{"href":"https:\/\/nou3.design\/en\/wp-json\/wp\/v2\/pages"}],"about":[{"href":"https:\/\/nou3.design\/en\/wp-json\/wp\/v2\/types\/page"}],"author":[{"embeddable":true,"href":"https:\/\/nou3.design\/en\/wp-json\/wp\/v2\/users\/1"}],"replies":[{"embeddable":true,"href":"https:\/\/nou3.design\/en\/wp-json\/wp\/v2\/comments?post=3173"}],"version-history":[{"count":5,"href":"https:\/\/nou3.design\/en\/wp-json\/wp\/v2\/pages\/3173\/revisions"}],"predecessor-version":[{"id":3379,"href":"https:\/\/nou3.design\/en\/wp-json\/wp\/v2\/pages\/3173\/revisions\/3379"}],"wp:attachment":[{"href":"https:\/\/nou3.design\/en\/wp-json\/wp\/v2\/media?parent=3173"}],"curies":[{"name":"wp","href":"https:\/\/api.w.org\/{rel}","templated":true}]}}