{"id":2229,"date":"2024-07-19T08:25:48","date_gmt":"2024-07-19T08:25:48","guid":{"rendered":"https:\/\/nou3.design\/es\/?page_id=2229"},"modified":"2024-07-22T08:21:28","modified_gmt":"2024-07-22T08:21:28","slug":"nosotros","status":"publish","type":"page","link":"https:\/\/nou3.design\/es\/nosotros\/","title":{"rendered":"Nosotros"},"content":{"rendered":"<p>[et_pb_section fb_built=\u00bb1&#8243; admin_label=\u00bbHeader\u00bb _builder_version=\u00bb4.16&#8243; use_background_color_gradient=\u00bbon\u00bb background_color_gradient_direction=\u00bb124deg\u00bb background_color_gradient_stops=\u00bbrgba(255,255,255,0.1) 30%|#e02b20 90%\u00bb background_color_gradient_start=\u00bbrgba(255,255,255,0.1)\u00bb background_color_gradient_start_position=\u00bb30%\u00bb background_color_gradient_end=\u00bb#e02b20&#8243; background_color_gradient_end_position=\u00bb90%\u00bb background_enable_image=\u00bboff\u00bb background_position=\u00bbbottom_center\u00bb custom_padding=\u00bb5vw||0px||false|\u00bb border_color_all=\u00bb#31d190&#8243; border_width_left=\u00bb10px\u00bb locked=\u00bboff\u00bb global_colors_info=\u00bb{}\u00bb][et_pb_row column_structure=\u00bb1_2,1_2&#8243; use_custom_gutter=\u00bbon\u00bb gutter_width=\u00bb4&#8243; _builder_version=\u00bb4.16&#8243; background_size=\u00bbcontain\u00bb background_position=\u00bbbottom_center\u00bb max_width=\u00bb1280px\u00bb global_colors_info=\u00bb{}\u00bb][et_pb_column type=\u00bb1_2&#8243; _builder_version=\u00bb4.16&#8243; custom_padding=\u00bb40px|||\u00bb custom_padding_tablet=\u00bb0vw|||\u00bb global_colors_info=\u00bb{}\u00bb custom_padding__hover=\u00bb|||\u00bb][et_pb_text _builder_version=\u00bb4.26.1&#8243; text_font=\u00bb||||||||\u00bb text_text_color=\u00bb#000000&#8243; text_font_size=\u00bb12px\u00bb text_line_height=\u00bb1.8em\u00bb header_font=\u00bbMontserrat|800||on|||||\u00bb header_text_color=\u00bb#000000&#8243; header_font_size=\u00bb2.2vw\u00bb header_line_height=\u00bb1.1em\u00bb custom_margin=\u00bb||30px|||\u00bb text_font_size_tablet=\u00bb16px\u00bb text_font_size_phone=\u00bb14px\u00bb text_font_size_last_edited=\u00bbon|phone\u00bb text_line_height_tablet=\u00bb1.8em\u00bb text_line_height_phone=\u00bb1.7em\u00bb text_line_height_last_edited=\u00bboff|phone\u00bb header_font_size_tablet=\u00bb8vw\u00bb header_font_size_phone=\u00bb10vw\u00bb header_font_size_last_edited=\u00bbon|phone\u00bb global_colors_info=\u00bb{}\u00bb]<\/p>\n<h1>nosotros<\/h1>\n<p>&nbsp;<\/p>\n<p>[\/et_pb_text][et_pb_button button_text=\u00bbContacto\u00bb _builder_version=\u00bb4.26.1&#8243; custom_button=\u00bbon\u00bb button_text_size=\u00bb16px\u00bb button_text_color=\u00bb#ffffff\u00bb button_bg_color=\u00bb#e02b20&#8243; button_border_width=\u00bb0px\u00bb button_border_radius=\u00bb0px\u00bb button_font=\u00bbMontserrat|700|||||||\u00bb button_use_icon=\u00bboff\u00bb custom_margin=\u00bb||\u00bb custom_padding=\u00bb18px|40px|18px|40px|true|true\u00bb global_colors_info=\u00bb{}\u00bb][\/et_pb_button][et_pb_social_media_follow admin_label=\u00bbSocial Media Follow\u00bb _builder_version=\u00bb4.16&#8243; custom_margin=\u00bb-20px|||-10px\u00bb custom_margin_tablet=\u00bb\u00bb custom_margin_phone=\u00bb-20px||\u00bb custom_margin_last_edited=\u00bbon|desktop\u00bb filter_invert=\u00bb100%\u00bb locked=\u00bboff\u00bb global_colors_info=\u00bb{}\u00bb icon_color__hover=\u00bb#e02b20&#8243;][et_pb_social_media_follow_network social_network=\u00bbinstagram\u00bb url=\u00bbhttps:\/\/www.instagram.com\/nou3design\/\u00bb _builder_version=\u00bb4.16&#8243; global_colors_info=\u00bb{}\u00bb follow_button=\u00bboff\u00bb url_new_window=\u00bbon\u00bb]instagram[\/et_pb_social_media_follow_network][et_pb_social_media_follow_network social_network=\u00bbfacebook\u00bb url=\u00bbhttps:\/\/www.facebook.com\/nou3cat-217371458326193\/\u00bb _builder_version=\u00bb4.16&#8243; global_colors_info=\u00bb{}\u00bb follow_button=\u00bboff\u00bb url_new_window=\u00bbon\u00bb]facebook[\/et_pb_social_media_follow_network][et_pb_social_media_follow_network social_network=\u00bbyoutube\u00bb url=\u00bbhttps:\/\/www.youtube.com\/channel\/UCFCU2MX9Hd3v1HDBeJDw7hA\u00bb _builder_version=\u00bb4.16&#8243; background_enable_color=\u00bboff\u00bb global_colors_info=\u00bb{}\u00bb follow_button=\u00bboff\u00bb url_new_window=\u00bbon\u00bb]youtube[\/et_pb_social_media_follow_network][et_pb_social_media_follow_network social_network=\u00bbpinterest\u00bb url=\u00bbhttps:\/\/www.pinterest.es\/nou3dissenyicoordinacio\/\u00bb _builder_version=\u00bb4.16&#8243; background_enable_color=\u00bboff\u00bb global_colors_info=\u00bb{}\u00bb follow_button=\u00bboff\u00bb url_new_window=\u00bbon\u00bb]pinterest[\/et_pb_social_media_follow_network][\/et_pb_social_media_follow][\/et_pb_column][et_pb_column type=\u00bb1_2&#8243; _builder_version=\u00bb4.16&#8243; custom_padding=\u00bb|||\u00bb global_colors_info=\u00bb{}\u00bb custom_padding__hover=\u00bb|||\u00bb][et_pb_image src=\u00bbhttps:\/\/nou3.design\/wp-content\/uploads\/2024\/07\/Nosaltres-1-scaled.jpg\u00bb title_text=\u00bbNosaltres\u00bb _builder_version=\u00bb4.26.1&#8243; max_width_tablet=\u00bb200px\u00bb max_width_phone=\u00bb\u00bb max_width_last_edited=\u00bbon|desktop\u00bb animation_direction=\u00bbbottom\u00bb hover_enabled=\u00bb0&#8243; box_shadow_style=\u00bbpreset3&#8243; box_shadow_vertical=\u00bb40px\u00bb box_shadow_blur=\u00bb80px\u00bb box_shadow_spread=\u00bb-20px\u00bb box_shadow_color=\u00bbrgba(0,0,0,0.8)\u00bb always_center_on_mobile=\u00bboff\u00bb locked=\u00bboff\u00bb global_colors_info=\u00bb{}\u00bb sticky_enabled=\u00bb0&#8243;][\/et_pb_image][\/et_pb_column][\/et_pb_row][\/et_pb_section][et_pb_section fb_built=\u00bb1&#8243; admin_label=\u00bbAbout\u00bb _builder_version=\u00bb4.16&#8243; global_colors_info=\u00bb{}\u00bb][et_pb_row custom_padding_last_edited=\u00bbon|phone\u00bb _builder_version=\u00bb4.16&#8243; custom_padding=\u00bb|8vw||8vw\u00bb custom_padding_tablet=\u00bb|0vw||0vw||false\u00bb custom_padding_phone=\u00bb|0vw||0vw||true\u00bb locked=\u00bboff\u00bb global_colors_info=\u00bb{}\u00bb][et_pb_column type=\u00bb4_4&#8243; _builder_version=\u00bb4.16&#8243; custom_padding=\u00bb|||\u00bb global_colors_info=\u00bb{}\u00bb custom_padding__hover=\u00bb|||\u00bb][et_pb_text _builder_version=\u00bb4.26.1&#8243; text_font=\u00bb||||||||\u00bb text_font_size=\u00bb18px\u00bb text_line_height=\u00bb1.8em\u00bb text_orientation=\u00bbjustified\u00bb text_font_size_tablet=\u00bb16px\u00bb text_font_size_phone=\u00bb14px\u00bb text_font_size_last_edited=\u00bbon|phone\u00bb text_line_height_tablet=\u00bb1.8em\u00bb text_line_height_phone=\u00bb1.7em\u00bb text_line_height_last_edited=\u00bboff|phone\u00bb locked=\u00bboff\u00bb global_colors_info=\u00bb{}\u00bb]<\/p>\n<blockquote>\n<p><strong>Somos una empresa con m\u00e1s de 25 a\u00f1os de experiencia en el sector del dise\u00f1o de interiores locales comerciales, oficinas y centros sanitarios.<\/strong><\/p>\n<p>Nos caracterizamos por nuestra profesionalidad, compromiso y confianza.<\/p>\n<p>Este objetivo profesional ha supuesto el desarrollo de proyectos que destacan por su intensidad, singularidad y calidad.<\/p>\n<p>Creemos que el resultado de nuestros proyectos debe crear una caracter\u00edstica importante: un trabajo elaborado y met\u00f3dico basado en la realidad concreta de cada cliente, da lugar a una forma pura y funcional.<\/p>\n<p>Nuestra visi\u00f3n y creatividad transforman todos y cada uno de los proyectos en espacios \u00fanicos, transmitiendo la identidad y necesidades de cada cliente.<\/p>\n<\/blockquote>\n<p>[\/et_pb_text][\/et_pb_column][\/et_pb_row][et_pb_row column_structure=\u00bb1_3,1_3,1_3&#8243; use_custom_gutter=\u00bbon\u00bb gutter_width=\u00bb2&#8243; disabled_on=\u00bboff|off|off\u00bb _builder_version=\u00bb4.26.1&#8243; _module_preset=\u00bbdefault\u00bb global_colors_info=\u00bb{}\u00bb][et_pb_column type=\u00bb1_3&#8243; _builder_version=\u00bb4.26.1&#8243; _module_preset=\u00bbdefault\u00bb global_colors_info=\u00bb{}\u00bb][et_pb_team_member name=\u00bbMaria\u00bb position=\u00bbDirectora Creativa\u00bb image_url=\u00bbhttps:\/\/nou3.design\/wp-content\/uploads\/2024\/07\/MARIA-1-scaled.jpeg\u00bb _builder_version=\u00bb4.26.1&#8243; _module_preset=\u00bbdefault\u00bb header_text_align=\u00bbcenter\u00bb body_text_align=\u00bbcenter\u00bb position_text_align=\u00bbcenter\u00bb width=\u00bb64%\u00bb module_alignment=\u00bbcenter\u00bb global_colors_info=\u00bb{}\u00bb]<\/p>\n<p>Es la interiorista m\u00e1s veterana del equipo de nou3. La directora creativa encargada del departamento de dise\u00f1o y la que le acompa\u00f1ar\u00e1 en todo el proceso.<\/p>\n<p>Una persona impecable con su trabajo tanto en el \u00e1mbito t\u00e9cnico como creativo.<\/p>\n<p>Siempre intenta buscar ferias, viajes y actividades para hacer equipo y crear un buen ambiente entre todas las chicas.<\/p>\n<p>Joven, din\u00e1mica y entusiasta con su trabajo.<\/p>\n<p>[\/et_pb_team_member][\/et_pb_column][et_pb_column type=\u00bb1_3&#8243; _builder_version=\u00bb4.26.1&#8243; _module_preset=\u00bbdefault\u00bb global_colors_info=\u00bb{}\u00bb][et_pb_team_member name=\u00bbLaia\u00bb position=\u00bbInteriorista\u00bb image_url=\u00bbhttps:\/\/nou3.design\/wp-content\/uploads\/2024\/07\/2.-LAIA-1.jpeg\u00bb _builder_version=\u00bb4.26.1&#8243; _module_preset=\u00bbdefault\u00bb header_text_align=\u00bbcenter\u00bb body_text_align=\u00bbcenter\u00bb position_text_align=\u00bbcenter\u00bb width=\u00bb69%\u00bb module_alignment=\u00bbcenter\u00bb hover_enabled=\u00bb0&#8243; global_colors_info=\u00bb{}\u00bb title_text=\u00bb2. LAIA\u00bb sticky_enabled=\u00bb0&#8243;]<\/p>\n<p>Es con la persona que tendr\u00e9is el primer contacto por tel\u00e9fono. Vendr\u00e1 a la visita 0 para ver el local, explicaros c\u00f3mo trabajamos y presentaros el presupuesto de interiorismo.<\/p>\n<p>Le apasiona su trabajo, y por eso hace volar su imaginaci\u00f3n en cada proyecto, para que sean lo m\u00e1s originales y especiales posible.<\/p>\n<p>Al final de la obra se preocupar\u00e1 porque no le falte ni un detalle.<\/p>\n<p>[\/et_pb_team_member][\/et_pb_column][et_pb_column type=\u00bb1_3&#8243; _builder_version=\u00bb4.26.1&#8243; _module_preset=\u00bbdefault\u00bb global_colors_info=\u00bb{}\u00bb][et_pb_team_member name=\u00bbLucia \u00bb position=\u00bbInteriorista\u00bb image_url=\u00bbhttps:\/\/nou3.design\/wp-content\/uploads\/2024\/07\/3.-LUCIA.jpeg\u00bb _builder_version=\u00bb4.26.1&#8243; _module_preset=\u00bbdefault\u00bb header_text_align=\u00bbcenter\u00bb body_text_align=\u00bbcenter\u00bb position_text_align=\u00bbcenter\u00bb width=\u00bb66%\u00bb module_alignment=\u00bbcenter\u00bb global_colors_info=\u00bb{}\u00bb]<\/p>\n<p>Es el fichaje m\u00e1s reciente. Se encarga de ultimar detalles de cada proyecto para mejorar su calidad.<\/p>\n<p>Su capacidad de adaptabilidad a cualquier reto es impecable, adem\u00e1s de tener una personalidad excepcional y divertida, es una persona muy eficiente y comprometida con su trabajo. Aunque todav\u00eda est\u00e1 estudiando, sin duda, ser\u00e1 una interiorista de primera.<\/p>\n<p>[\/et_pb_team_member][\/et_pb_column][\/et_pb_row][et_pb_row column_structure=\u00bb1_3,1_3,1_3&#8243; use_custom_gutter=\u00bbon\u00bb gutter_width=\u00bb2&#8243; disabled_on=\u00bboff|off|off\u00bb _builder_version=\u00bb4.26.1&#8243; _module_preset=\u00bbdefault\u00bb global_colors_info=\u00bb{}\u00bb][et_pb_column type=\u00bb1_3&#8243; _builder_version=\u00bb4.26.1&#8243; _module_preset=\u00bbdefault\u00bb global_colors_info=\u00bb{}\u00bb][et_pb_team_member name=\u00bbGemma\u00bb position=\u00bbInteriorista\u00bb image_url=\u00bbhttps:\/\/nou3.design\/wp-content\/uploads\/2024\/07\/3.-GEMMA.G-Interiorista-1-scaled.jpeg\u00bb _builder_version=\u00bb4.26.1&#8243; _module_preset=\u00bbdefault\u00bb header_text_align=\u00bbcenter\u00bb body_text_align=\u00bbcenter\u00bb position_text_align=\u00bbcenter\u00bb width=\u00bb64%\u00bb module_alignment=\u00bbcenter\u00bb hover_enabled=\u00bb0&#8243; global_colors_info=\u00bb{}\u00bb title_text=\u00bb3. GEMMA.G (Interiorista)\u00bb sticky_enabled=\u00bb0&#8243;]<\/p>\n<p>Es una de nuestras interioristas externas, gracias a su gran experiencia hace que colaboremos con ella desde 2021. Gemma, es una dise\u00f1adora muy creativa donde pone coraz\u00f3n y anima para llegar al m\u00e1ximo potencial de cada proyecto.<\/p>\n<p>Es muy eficaz y resolutiva tanto en el proyecto como en la obra.<\/p>\n<p>[\/et_pb_team_member][\/et_pb_column][et_pb_column type=\u00bb1_3&#8243; _builder_version=\u00bb4.26.1&#8243; _module_preset=\u00bbdefault\u00bb global_colors_info=\u00bb{}\u00bb][et_pb_team_member name=\u00bbArantxa\u00bb position=\u00bbInteriorista\u00bb image_url=\u00bbhttps:\/\/nou3.design\/wp-content\/uploads\/2024\/07\/4.-ARANTXA-1-scaled.jpg\u00bb _builder_version=\u00bb4.26.1&#8243; _module_preset=\u00bbdefault\u00bb header_text_align=\u00bbcenter\u00bb body_text_align=\u00bbcenter\u00bb position_text_align=\u00bbcenter\u00bb width=\u00bb64%\u00bb module_alignment=\u00bbcenter\u00bb hover_enabled=\u00bb0&#8243; global_colors_info=\u00bb{}\u00bb title_text=\u00bb4. ARANTXA\u00bb sticky_enabled=\u00bb0&#8243;]<\/p>\n<p>Es \u00fanica, al igual que sus dise\u00f1os. Destaca originalidad de c\u00f3mo transmite los conceptos intangibles, en materialidad. Siempre pregunta e intenta aprender de todo el mundo que la rodea. Divertida, creativa, original y magn\u00e9tica. Colabora con nou3 desde 2020.<\/p>\n<p>[\/et_pb_team_member][\/et_pb_column][et_pb_column type=\u00bb1_3&#8243; _builder_version=\u00bb4.26.1&#8243; _module_preset=\u00bbdefault\u00bb global_colors_info=\u00bb{}\u00bb][et_pb_team_member name=\u00bbArantxa\u00bb position=\u00bbEquipo de Dise\u00f1o Gr\u00e1fico\u00bb image_url=\u00bbhttps:\/\/nou3.design\/wp-content\/uploads\/2024\/07\/1.-Nuria-scaled.jpeg\u00bb _builder_version=\u00bb4.26.1&#8243; _module_preset=\u00bbdefault\u00bb header_text_align=\u00bbcenter\u00bb body_text_align=\u00bbcenter\u00bb position_text_align=\u00bbcenter\u00bb width=\u00bb65%\u00bb module_alignment=\u00bbcenter\u00bb global_colors_info=\u00bb{}\u00bb]<\/p>\n<p><span><strong>N\u00faria<\/strong><\/span><span> es la dise\u00f1adora gr\u00e1fica del equipo. Es una chica proactiva, joven y moderna que siempre est\u00e1 actualizada en las novedades gr\u00e1ficas. <\/span><\/p>\n<p><span>Lo que proporciona tener un departamento gr\u00e1fico y de interioristas en un mismo equipo es crear una coherencia visual en todo el proyecto de manera efectiva y acelerada.<\/span><\/p>\n<p>[\/et_pb_team_member][\/et_pb_column][\/et_pb_row][\/et_pb_section]<\/p>\n","protected":false},"excerpt":{"rendered":"<p>nosotros &nbsp; Somos una empresa con m\u00e1s de 25 a\u00f1os de experiencia en el sector del dise\u00f1o de interiores locales comerciales, oficinas y centros sanitarios. Nos caracterizamos por nuestra profesionalidad, compromiso y confianza. Este objetivo profesional ha supuesto el desarrollo de proyectos que destacan por su intensidad, singularidad y calidad. Creemos que el resultado de [&hellip;]<\/p>\n","protected":false},"author":1,"featured_media":0,"parent":0,"menu_order":0,"comment_status":"closed","ping_status":"closed","template":"","meta":{"_et_pb_use_builder":"on","_et_pb_old_content":"","_et_gb_content_width":"","footnotes":""},"class_list":["post-2229","page","type-page","status-publish","hentry"],"_links":{"self":[{"href":"https:\/\/nou3.design\/es\/wp-json\/wp\/v2\/pages\/2229","targetHints":{"allow":["GET"]}}],"collection":[{"href":"https:\/\/nou3.design\/es\/wp-json\/wp\/v2\/pages"}],"about":[{"href":"https:\/\/nou3.design\/es\/wp-json\/wp\/v2\/types\/page"}],"author":[{"embeddable":true,"href":"https:\/\/nou3.design\/es\/wp-json\/wp\/v2\/users\/1"}],"replies":[{"embeddable":true,"href":"https:\/\/nou3.design\/es\/wp-json\/wp\/v2\/comments?post=2229"}],"version-history":[{"count":0,"href":"https:\/\/nou3.design\/es\/wp-json\/wp\/v2\/pages\/2229\/revisions"}],"wp:attachment":[{"href":"https:\/\/nou3.design\/es\/wp-json\/wp\/v2\/media?parent=2229"}],"curies":[{"name":"wp","href":"https:\/\/api.w.org\/{rel}","templated":true}]}}