{"id":3130,"date":"2024-07-16T10:21:14","date_gmt":"2024-07-16T10:21:14","guid":{"rendered":"https:\/\/nou3.design\/es\/alimentacio\/"},"modified":"2024-10-25T12:09:54","modified_gmt":"2024-10-25T12:09:54","slug":"alimentacio","status":"publish","type":"page","link":"https:\/\/nou3.design\/es\/alimentacio\/","title":{"rendered":"Alimentaci\u00f3"},"content":{"rendered":"<p>[et_pb_section fb_built=\u00bb1&#8243; admin_label=\u00bbsection\u00bb _builder_version=\u00bb4.16&#8243; global_colors_info=\u00bb{}\u00bb][et_pb_row admin_label=\u00bbrow\u00bb _builder_version=\u00bb4.16&#8243; background_size=\u00bbinitial\u00bb background_position=\u00bbtop_left\u00bb background_repeat=\u00bbrepeat\u00bb global_colors_info=\u00bb{}\u00bb][et_pb_column type=\u00bb4_4&#8243; _builder_version=\u00bb4.16&#8243; custom_padding=\u00bb|||\u00bb global_colors_info=\u00bb{}\u00bb custom_padding__hover=\u00bb|||\u00bb][et_pb_text _builder_version=\u00bb4.21.0&#8243; header_text_color=\u00bb#e02b20&#8243; header_3_line_height=\u00bb1.5em\u00bb global_colors_info=\u00bb{}\u00bb]<\/p>\n<h1 class=\"page-title\">Alimentaci\u00f3<\/h1>\n<h3><\/h3>\n<h3>Aconseguim que el teu negoci sigui atractiu i funcional. Amb el color idoni per cada aliment, aconseguim potenciar el teu producte.<\/h3>\n<hr \/>\n<p><span>En tot establiment que es vulgui reformar s\u2019ha de tenir en compte a nivell de normativa tots els requisits que s\u2019han de complir segons el que demani el municipi. Realitzem un servei de \u201cclaus en m\u00e0\u201d, ens ocupem del projecte fins a la finalitzaci\u00f3 de la obra.<\/span><\/p>\n<hr \/>\n<p>&nbsp;<\/p>\n<p>[\/et_pb_text][et_pb_portfolio _builder_version=\u00bb4.27.2&#8243; _module_preset=\u00bbdefault\u00bb include_categories=\u00bb47&#8243; show_categories=\u00bboff\u00bb show_pagination=\u00bboff\u00bb fullwidth=\u00bboff\u00bb hover_enabled=\u00bb0&#8243; sticky_enabled=\u00bb0&#8243;][\/et_pb_portfolio][\/et_pb_column][\/et_pb_row][et_pb_row admin_label=\u00bbrow\u00bb _builder_version=\u00bb4.27.2&#8243; background_size=\u00bbinitial\u00bb background_position=\u00bbtop_left\u00bb background_repeat=\u00bbrepeat\u00bb hover_enabled=\u00bb0&#8243; global_colors_info=\u00bb{}\u00bb disabled_on=\u00bbon|on|on\u00bb disabled=\u00bbon\u00bb sticky_enabled=\u00bb0&#8243;][et_pb_column type=\u00bb4_4&#8243; _builder_version=\u00bb4.16&#8243; custom_padding=\u00bb|||\u00bb global_colors_info=\u00bb{}\u00bb custom_padding__hover=\u00bb|||\u00bb][et_pb_text _builder_version=\u00bb4.21.0&#8243; header_text_color=\u00bb#e02b20&#8243; header_3_line_height=\u00bb1.5em\u00bb global_colors_info=\u00bb{}\u00bb]<\/p>\n<h1 class=\"page-title\">Restauraci\u00f3<\/h1>\n<h3><\/h3>\n<h3>Una de les nostres especialitats m\u00e9s destacades \u00e9s l\u2019\u00e0mbit de la Restauraci\u00f3. Un bon disseny \u00e9s una de les claus per atraure clients i seduir-los.<\/h3>\n<hr \/>\n<p>A m\u00e9s a m\u00e9s, s\u2019ha de tenir en compte tots els aspectes t\u00e8cnics i normatives que s\u2019han de complir i a la vegada, parant especial atenci\u00f3 a la il\u00b7luminaci\u00f3 on es pot obtenir un millor confort de cara els clients. Hem realitzat tant dissenys propis com dissenys ja fets per altres t\u00e8cnics (franqu\u00edcies, cadenes de restaurants&#8230;). Tenim una gran varietat de obres, totes tractades de diferents percepcions i sempre regint-nos a les pautes del client. Tractem des de la distribucio, la imatge corporativa, mobiliari hostaleria i fins a l\u2019execucio de l\u2019obra.<\/p>\n<hr \/>\n<p>&nbsp;<\/p>\n<p>[\/et_pb_text][et_pb_blog fullwidth=\u00bboff\u00bb posts_number=\u00bb8&#8243; include_categories=\u00bb123&#8243; excerpt_length=\u00bb40&#8243; show_author=\u00bboff\u00bb show_date=\u00bboff\u00bb show_categories=\u00bboff\u00bb _builder_version=\u00bb4.16&#8243; header_font=\u00bb|700|||||||\u00bb header_text_color=\u00bb#e02b20&#8243; header_font_size=\u00bb22px\u00bb box_shadow_style_image=\u00bbpreset6&#8243; global_colors_info=\u00bb{}\u00bb][\/et_pb_blog][\/et_pb_column][\/et_pb_row][\/et_pb_section]<\/p>\n","protected":false},"excerpt":{"rendered":"<p>Alimentaci\u00f3 Aconseguim que el teu negoci sigui atractiu i funcional. Amb el color idoni per cada aliment, aconseguim potenciar el teu producte. En tot establiment que es vulgui reformar s\u2019ha de tenir en compte a nivell de normativa tots els requisits que s\u2019han de complir segons el que demani el municipi. Realitzem un servei de [&hellip;]<\/p>\n","protected":false},"author":1,"featured_media":0,"parent":0,"menu_order":0,"comment_status":"closed","ping_status":"closed","template":"","meta":{"_et_pb_use_builder":"on","_et_pb_old_content":"","_et_gb_content_width":"","footnotes":""},"class_list":["post-3130","page","type-page","status-publish","hentry"],"_links":{"self":[{"href":"https:\/\/nou3.design\/es\/wp-json\/wp\/v2\/pages\/3130","targetHints":{"allow":["GET"]}}],"collection":[{"href":"https:\/\/nou3.design\/es\/wp-json\/wp\/v2\/pages"}],"about":[{"href":"https:\/\/nou3.design\/es\/wp-json\/wp\/v2\/types\/page"}],"author":[{"embeddable":true,"href":"https:\/\/nou3.design\/es\/wp-json\/wp\/v2\/users\/1"}],"replies":[{"embeddable":true,"href":"https:\/\/nou3.design\/es\/wp-json\/wp\/v2\/comments?post=3130"}],"version-history":[{"count":6,"href":"https:\/\/nou3.design\/es\/wp-json\/wp\/v2\/pages\/3130\/revisions"}],"predecessor-version":[{"id":3357,"href":"https:\/\/nou3.design\/es\/wp-json\/wp\/v2\/pages\/3130\/revisions\/3357"}],"wp:attachment":[{"href":"https:\/\/nou3.design\/es\/wp-json\/wp\/v2\/media?parent=3130"}],"curies":[{"name":"wp","href":"https:\/\/api.w.org\/{rel}","templated":true}]}}