{"id":3136,"date":"2024-07-16T10:17:52","date_gmt":"2024-07-16T10:17:52","guid":{"rendered":"https:\/\/nou3.design\/es\/restauracio\/"},"modified":"2024-10-25T09:33:47","modified_gmt":"2024-10-25T09:33:47","slug":"restauracio","status":"publish","type":"page","link":"https:\/\/nou3.design\/es\/restauracio\/","title":{"rendered":"Restauraci\u00f3"},"content":{"rendered":"<p>[et_pb_section fb_built=\u00bb1&#8243; admin_label=\u00bbsection\u00bb _builder_version=\u00bb4.16&#8243; custom_padding=\u00bb||7px|||\u00bb global_colors_info=\u00bb{}\u00bb][et_pb_row admin_label=\u00bbrow\u00bb _builder_version=\u00bb4.16&#8243; background_size=\u00bbinitial\u00bb background_position=\u00bbtop_left\u00bb background_repeat=\u00bbrepeat\u00bb global_colors_info=\u00bb{}\u00bb][et_pb_column type=\u00bb4_4&#8243; _builder_version=\u00bb4.16&#8243; custom_padding=\u00bb|||\u00bb global_colors_info=\u00bb{}\u00bb custom_padding__hover=\u00bb|||\u00bb][et_pb_text _builder_version=\u00bb4.21.0&#8243; header_text_color=\u00bb#e02b20&#8243; header_3_line_height=\u00bb1.5em\u00bb global_colors_info=\u00bb{}\u00bb]<\/p>\n<h1 class=\"page-title\">Restauraci\u00f3<\/h1>\n<h3><\/h3>\n<h3>Una de les nostres especialitats m\u00e9s destacades \u00e9s l\u2019\u00e0mbit de la restauraci\u00f3. Un bon disseny \u00e9s una de les claus per atraure clients i seduir-los.<\/h3>\n<hr \/>\n<p><span>A m\u00e9s a m\u00e9s, s\u2019ha de tenir en compte tots els aspectes t\u00e8cnics i normatives que s\u2019han de complir i a la vegada, parant especial atenci\u00f3 a la il\u00b7luminaci\u00f3 on es pot obtenir un millor confort de cara els clients. Hem realitzat tant dissenys propis com dissenys ja fets per altres t\u00e8cnics (franqu\u00edcies, cadenes de restaurants\u2026). Tenim una gran varietat de obres, totes tractades de diferents percepcions i sempre regint-nos a les pautes del client. Tractem des de la distribucio, la imatge corporativa, mobiliari hostaleria i fins a l\u2019execucio de l\u2019obra.<\/span><\/p>\n<hr \/>\n<p>&nbsp;<\/p>\n<p>[\/et_pb_text][\/et_pb_column][\/et_pb_row][et_pb_row _builder_version=\u00bb4.27.2&#8243; _module_preset=\u00bbdefault\u00bb global_colors_info=\u00bb{}\u00bb][et_pb_column type=\u00bb4_4&#8243; _builder_version=\u00bb4.27.2&#8243; _module_preset=\u00bbdefault\u00bb global_colors_info=\u00bb{}\u00bb][et_pb_portfolio fullwidth=\u00bboff\u00bb posts_number=\u00bb15&#8243; include_categories=\u00bb46&#8243; show_categories=\u00bboff\u00bb show_pagination=\u00bboff\u00bb _builder_version=\u00bb4.27.2&#8243; _module_preset=\u00bbdefault\u00bb global_colors_info=\u00bb{}\u00bb][\/et_pb_portfolio][\/et_pb_column][\/et_pb_row][\/et_pb_section]<\/p>\n","protected":false},"excerpt":{"rendered":"<p>Restauraci\u00f3 Una de les nostres especialitats m\u00e9s destacades \u00e9s l\u2019\u00e0mbit de la restauraci\u00f3. Un bon disseny \u00e9s una de les claus per atraure clients i seduir-los. A m\u00e9s a m\u00e9s, s\u2019ha de tenir en compte tots els aspectes t\u00e8cnics i normatives que s\u2019han de complir i a la vegada, parant especial atenci\u00f3 a la il\u00b7luminaci\u00f3 [&hellip;]<\/p>\n","protected":false},"author":1,"featured_media":0,"parent":0,"menu_order":0,"comment_status":"closed","ping_status":"closed","template":"","meta":{"_et_pb_use_builder":"on","_et_pb_old_content":"","_et_gb_content_width":"","footnotes":""},"class_list":["post-3136","page","type-page","status-publish","hentry"],"_links":{"self":[{"href":"https:\/\/nou3.design\/es\/wp-json\/wp\/v2\/pages\/3136","targetHints":{"allow":["GET"]}}],"collection":[{"href":"https:\/\/nou3.design\/es\/wp-json\/wp\/v2\/pages"}],"about":[{"href":"https:\/\/nou3.design\/es\/wp-json\/wp\/v2\/types\/page"}],"author":[{"embeddable":true,"href":"https:\/\/nou3.design\/es\/wp-json\/wp\/v2\/users\/1"}],"replies":[{"embeddable":true,"href":"https:\/\/nou3.design\/es\/wp-json\/wp\/v2\/comments?post=3136"}],"version-history":[{"count":13,"href":"https:\/\/nou3.design\/es\/wp-json\/wp\/v2\/pages\/3136\/revisions"}],"predecessor-version":[{"id":3332,"href":"https:\/\/nou3.design\/es\/wp-json\/wp\/v2\/pages\/3136\/revisions\/3332"}],"wp:attachment":[{"href":"https:\/\/nou3.design\/es\/wp-json\/wp\/v2\/media?parent=3136"}],"curies":[{"name":"wp","href":"https:\/\/api.w.org\/{rel}","templated":true}]}}