{"id":3143,"date":"2024-07-16T10:24:22","date_gmt":"2024-07-16T10:24:22","guid":{"rendered":"https:\/\/nou3.design\/es\/oficines\/"},"modified":"2024-10-28T08:03:45","modified_gmt":"2024-10-28T08:03:45","slug":"oficines","status":"publish","type":"page","link":"https:\/\/nou3.design\/es\/oficines\/","title":{"rendered":"Oficines"},"content":{"rendered":"<p>[et_pb_section fb_built=\u00bb1&#8243; admin_label=\u00bbsection\u00bb _builder_version=\u00bb4.27.2&#8243; hover_enabled=\u00bb0&#8243; global_colors_info=\u00bb{}\u00bb sticky_enabled=\u00bb0&#8243;][et_pb_row admin_label=\u00bbrow\u00bb _builder_version=\u00bb4.16&#8243; background_size=\u00bbinitial\u00bb background_position=\u00bbtop_left\u00bb background_repeat=\u00bbrepeat\u00bb global_colors_info=\u00bb{}\u00bb][et_pb_column type=\u00bb4_4&#8243; _builder_version=\u00bb4.16&#8243; custom_padding=\u00bb|||\u00bb global_colors_info=\u00bb{}\u00bb custom_padding__hover=\u00bb|||\u00bb][et_pb_text _builder_version=\u00bb4.21.0&#8243; header_text_color=\u00bb#e02b20&#8243; header_3_line_height=\u00bb1.5em\u00bb global_colors_info=\u00bb{}\u00bb]<\/p>\n<h1 class=\"page-title\">Oficines<\/h1>\n<h3><\/h3>\n<h3>Per poder reflectir els valors d\u2019una empresa \u00e9s essencial potenciar els espais amb una bona atmosfera, aquesta \u00e9s la que definitivament transmetr\u00e0 unes sensacions positives.<\/h3>\n<hr \/>\n<p><span>Ens hem especialitzat en l\u2019estudi de Feng Shui per la import\u00e0ncia que t\u00e9 un espai en plena harmonia dins l\u2019\u00e0mbit de treball.<\/span><\/p>\n<hr \/>\n<p>&nbsp;<\/p>\n<p>[\/et_pb_text][et_pb_portfolio fullwidth=\u00bboff\u00bb include_categories=\u00bb50&#8243; show_categories=\u00bboff\u00bb show_pagination=\u00bboff\u00bb _builder_version=\u00bb4.27.2&#8243; _module_preset=\u00bbdefault\u00bb hover_enabled=\u00bb0&#8243; global_colors_info=\u00bb{}\u00bb sticky_enabled=\u00bb0&#8243;][\/et_pb_portfolio][\/et_pb_column][\/et_pb_row][\/et_pb_section]<\/p>\n","protected":false},"excerpt":{"rendered":"<p>Oficines Per poder reflectir els valors d\u2019una empresa \u00e9s essencial potenciar els espais amb una bona atmosfera, aquesta \u00e9s la que definitivament transmetr\u00e0 unes sensacions positives. Ens hem especialitzat en l\u2019estudi de Feng Shui per la import\u00e0ncia que t\u00e9 un espai en plena harmonia dins l\u2019\u00e0mbit de treball. &nbsp;<\/p>\n","protected":false},"author":1,"featured_media":0,"parent":0,"menu_order":0,"comment_status":"closed","ping_status":"closed","template":"","meta":{"_et_pb_use_builder":"on","_et_pb_old_content":"","_et_gb_content_width":"","footnotes":""},"class_list":["post-3143","page","type-page","status-publish","hentry"],"_links":{"self":[{"href":"https:\/\/nou3.design\/es\/wp-json\/wp\/v2\/pages\/3143","targetHints":{"allow":["GET"]}}],"collection":[{"href":"https:\/\/nou3.design\/es\/wp-json\/wp\/v2\/pages"}],"about":[{"href":"https:\/\/nou3.design\/es\/wp-json\/wp\/v2\/types\/page"}],"author":[{"embeddable":true,"href":"https:\/\/nou3.design\/es\/wp-json\/wp\/v2\/users\/1"}],"replies":[{"embeddable":true,"href":"https:\/\/nou3.design\/es\/wp-json\/wp\/v2\/comments?post=3143"}],"version-history":[{"count":6,"href":"https:\/\/nou3.design\/es\/wp-json\/wp\/v2\/pages\/3143\/revisions"}],"predecessor-version":[{"id":3378,"href":"https:\/\/nou3.design\/es\/wp-json\/wp\/v2\/pages\/3143\/revisions\/3378"}],"wp:attachment":[{"href":"https:\/\/nou3.design\/es\/wp-json\/wp\/v2\/media?parent=3143"}],"curies":[{"name":"wp","href":"https:\/\/api.w.org\/{rel}","templated":true}]}}