{"id":966,"date":"2018-09-22T14:29:23","date_gmt":"2018-09-22T14:29:23","guid":{"rendered":"https:\/\/nou3.design\/es\/?page_id=966"},"modified":"2021-03-16T11:02:18","modified_gmt":"2021-03-16T11:02:18","slug":"serveis","status":"publish","type":"page","link":"https:\/\/nou3.design\/es\/serveis\/","title":{"rendered":"Servicios"},"content":{"rendered":"<p>[et_pb_section bb_built=\u00bb1&#8243;][et_pb_row][et_pb_column type=\u00bb1_2&#8243;][et_pb_text _builder_version=\u00bb3.14&#8243;]<\/p>\n<p><strong>1. B\u00e1sico:<\/strong><\/p>\n<p>\u2013 Breafing: Informe preliminar en el que nos proporcionas la informaci\u00f3n necesaria sobre tus necesidades y lo que quieres transmitir a tu cliente.<br \/>\n\u2013 Mediciones del estado actual: Realizamos el estado de mediciones de la reforma.<br \/>\n\u2013 Planos: Mediante la confecci\u00f3n de planos conseguimos una mejor distribuci\u00f3n, pr\u00e1ctica y funcional.<br \/>\n(Planos de distribuci\u00f3n de la planta, iluminaci\u00f3n, materiales, mobiliario, alzados y secciones).<\/p>\n<p>[\/et_pb_text][\/et_pb_column][et_pb_column type=\u00bb1_2&#8243;][et_pb_image _builder_version=\u00bb3.14&#8243; src=\u00bbhttps:\/\/nou3.design\/wp-content\/uploads\/2021\/03\/Planta-Innformal.jpg\u00bb \/][\/et_pb_column][\/et_pb_row][et_pb_row][et_pb_column type=\u00bb4_4&#8243;][et_pb_divider _builder_version=\u00bb3.14&#8243; \/][\/et_pb_column][\/et_pb_row][et_pb_row][et_pb_column type=\u00bb1_2&#8243;][et_pb_text _builder_version=\u00bb3.14&#8243;]<\/p>\n<p><strong>2. 3D y video:<\/strong><\/p>\n<p>\u2013 Dise\u00f1amos la propuesta de la imagen a partir de renders, recorrido virtual en formato video i renders en 360\u00ba.<br \/>\n\u2013 Materiales, iluminaci\u00f3n y mobiliario: Realizamos una elecci\u00f3n de materiales, iluminaci\u00f3n y acabados a partir de la creaci\u00f3n de im\u00e1genes virtuales de 3D.<\/p>\n<p>[\/et_pb_text][\/et_pb_column][et_pb_column type=\u00bb1_2&#8243;][et_pb_image _builder_version=\u00bb3.14&#8243; src=\u00bbhttps:\/\/nou3.design\/wp-content\/uploads\/2018\/09\/Rendersinnformal-24.jpg\u00bb \/][\/et_pb_column][\/et_pb_row][et_pb_row][et_pb_column type=\u00bb4_4&#8243;][et_pb_divider _builder_version=\u00bb3.14&#8243; \/][\/et_pb_column][\/et_pb_row][et_pb_row][et_pb_column type=\u00bb1_2&#8243;][et_pb_text _builder_version=\u00bb3.14&#8243;]<\/p>\n<p><strong>3. Realidad Virtual:<\/strong><\/p>\n<p>Vivir el proyecto a trav\u00e9s de la Realidad Virtual a escala real.<\/p>\n<p>&nbsp;<\/p>\n<p>&nbsp;<\/p>\n<p>[\/et_pb_text][\/et_pb_column][et_pb_column type=\u00bb1_2&#8243;][et_pb_text _builder_version=\u00bb3.14&#8243;]<\/p>\n<p><iframe loading=\"lazy\" width=\"1080\" height=\"608\" src=\"https:\/\/www.youtube.com\/embed\/HoblZGHeBEA?start=2&#038;feature=oembed\" frameborder=\"0\" allow=\"accelerometer; autoplay; clipboard-write; encrypted-media; gyroscope; picture-in-picture\" allowfullscreen><\/iframe><\/p>\n<p>[\/et_pb_text][\/et_pb_column][\/et_pb_row][et_pb_row][et_pb_column type=\u00bb4_4&#8243;][et_pb_divider _builder_version=\u00bb3.14&#8243; \/][\/et_pb_column][\/et_pb_row][et_pb_row][et_pb_column type=\u00bb1_2&#8243;][et_pb_text _builder_version=\u00bb3.14&#8243;]<\/p>\n<p><strong>4. Ingenier\u00eda y arquitectura.<\/strong><\/p>\n<p>Nos encargamos de la legalizaci\u00f3n de proyectos: permisos de obras, actividad del nuevo local, normativas, etc.<\/p>\n<p>[\/et_pb_text][\/et_pb_column][et_pb_column type=\u00bb1_2&#8243;][\/et_pb_column][\/et_pb_row][\/et_pb_section]<\/p>\n","protected":false},"excerpt":{"rendered":"<p><div class=\"et_pb_row et_pb_row_0 et_pb_row_empty\">\n\t\t\t\t\n\t\t\t\t\n\t\t\t\t\n\t\t\t\t\n\t\t\t\t\n\t\t\t<\/div> 1. B\u00e1sico: \u2013 Breafing: Informe preliminar en el que nos proporcionas la informaci\u00f3n necesaria sobre tus necesidades y lo que quieres transmitir a tu cliente. \u2013 Mediciones del estado actual: Realizamos el estado de mediciones de la reforma. \u2013 Planos: Mediante la confecci\u00f3n de planos conseguimos una mejor distribuci\u00f3n, pr\u00e1ctica y funcional. (Planos de [&hellip;]<\/p>\n","protected":false},"author":1,"featured_media":0,"parent":0,"menu_order":0,"comment_status":"closed","ping_status":"closed","template":"","meta":{"_et_pb_use_builder":"on","_et_pb_old_content":"","_et_gb_content_width":"","footnotes":""},"class_list":["post-966","page","type-page","status-publish","hentry"],"_links":{"self":[{"href":"https:\/\/nou3.design\/es\/wp-json\/wp\/v2\/pages\/966","targetHints":{"allow":["GET"]}}],"collection":[{"href":"https:\/\/nou3.design\/es\/wp-json\/wp\/v2\/pages"}],"about":[{"href":"https:\/\/nou3.design\/es\/wp-json\/wp\/v2\/types\/page"}],"author":[{"embeddable":true,"href":"https:\/\/nou3.design\/es\/wp-json\/wp\/v2\/users\/1"}],"replies":[{"embeddable":true,"href":"https:\/\/nou3.design\/es\/wp-json\/wp\/v2\/comments?post=966"}],"version-history":[{"count":0,"href":"https:\/\/nou3.design\/es\/wp-json\/wp\/v2\/pages\/966\/revisions"}],"wp:attachment":[{"href":"https:\/\/nou3.design\/es\/wp-json\/wp\/v2\/media?parent=966"}],"curies":[{"name":"wp","href":"https:\/\/api.w.org\/{rel}","templated":true}]}}