{"id":973,"date":"2018-10-22T15:39:54","date_gmt":"2018-10-22T15:39:54","guid":{"rendered":"https:\/\/nou3.design\/es\/?page_id=973"},"modified":"2024-08-30T08:44:17","modified_gmt":"2024-08-30T08:44:17","slug":"politica-de-privacitat","status":"publish","type":"page","link":"https:\/\/nou3.design\/es\/politica-de-privacitat\/","title":{"rendered":"Pol\u00edtica de Privacidad"},"content":{"rendered":"<p><strong>1. T\u00e9rminos de uso<\/strong><br \/>\n<strong>2. Pol\u00edtica de Privacidad<\/strong><br \/>\n<strong>3. Derechos de Propiedad Intelectual e Industrial<\/strong><br \/>\n<strong>4. Pol\u00edtica de cookies<\/strong><br \/>\n<strong>5. Jurisdicci\u00f3n y fuero aplicable<\/strong><\/p>\n<p>La presente informaci\u00f3n legal regula el uso del servicio del web www.nou3.cat que\u00a0 NOU 3<br \/>\nDISSENY I COORDINACIO pone a disposici\u00f3n de los usuarios de Internet.<br \/>\nLa utilizaci\u00f3n del web atribuye la condici\u00f3n de usuario del Portal (en adelante, el &#8216;Usuario&#8217;) e<br \/>\nimplica la aceptaci\u00f3n plena y sin reservas de todas y cada una de las disposiciones incluidas en<br \/>\neste Aviso Legal en la versi\u00f3n publicada por NOU 3 DISSENY I COORDINACIO, en el momento<br \/>\nmismo en que el Usuario acceda al Portal. En consecuencia, el Usuario debe leer atentamente<br \/>\nel presente texto en cada una de las ocasiones en que se proponga utilizar el Portal, ya que<br \/>\naqu\u00e9l puede sufrir modificaciones.<br \/>\n<strong>1. T\u00c9RMINOS DE USO<\/strong><br \/>\nNOU 3 DISSENY I COORDINACIO S.L es la sociedad titular del web www.nou3.cat as\u00ed como del<br \/>\ndominio [www.nou3.cat], entre otros.<br \/>\nNOU 3 DISSENY I COORDINACIO S.L declina cualquier responsabilidad respecto a la<br \/>\ninformaci\u00f3n que se halle fuera de este web y no est\u00e9 gestionado directamente por nuestro<br \/>\nweb master.<br \/>\nNOU 3 DISSENY I COORDINACIO S.L se reserva el derecho a llevar a cabo el desarrollo,<br \/>\nmodificaci\u00f3n, exclusi\u00f3n o inclusi\u00f3n de textos o im\u00e1genes en el desarrollo de sus p\u00e1ginas web.<br \/>\n<strong>2. POL\u00cdTICA DE PRIVACIDAD<\/strong><br \/>\nEl Titular garantiza el cumplimiento de lo dispuesto en el Reglamento (UE) 2016\/679 del<br \/>\nParlamento Europeo y del Consejo de 27 de abril de 2016 relativo a la protecci\u00f3n de las<br \/>\npersonas f\u00edsicas en lo que respecta al tratamiento de datos personales y a la libre circulaci\u00f3n<br \/>\nde estos datos.<br \/>\nCuando le sean solicitados datos personales a trav\u00e9s del presente sitio web, el Usuario los<br \/>\nincorporar\u00e1 voluntariamente, y ser\u00e1 debidamente informado de la identidad del solicitante, las<br \/>\nfinalidades de la solicitud, legitimaci\u00f3n para el tratamiento de los datos, as\u00ed como de la<br \/>\nposibilidad y procedimiento para ejercer sus derechos conforme a lo dispuesto en el citado<br \/>\nReglamento (UE) 2016\/679.<br \/>\nEl Usuario garantiza que los datos personales facilitados son veraces y se hace responsable de<br \/>\ncomunicar a NOU 3 DISSENY I COORDINACIO S.L cualquier modificaci\u00f3n de los mismos con el<br \/>\nobjetivo de mantener los datos actualizados. NOU 3 DISSENY I COORDINACIO S.L se reserva el<br \/>\nderecho a excluir de los servicios a todo Usuario que haya facilitado datos falsos, sin perjuicio<br \/>\nde las dem\u00e1s acciones que procedan en Derecho.<\/p>\n<p>La cumplimentaci\u00f3n de todos los datos solicitados es necesaria para lograr el \u00e9xito de los<br \/>\nservicios puestos a disposici\u00f3n del usuario en el presente sitio web. De no facilitarse todos los<br \/>\ndatos o ser \u00e9stos inexactos NOU 3 DISSENY I COORDINACIO no garantiza que los servicios<br \/>\npuedan prestarse correctamente o se ajusten a las necesidades del Usuario.<br \/>\nNOU 3 DISSENY I COORDINACIO se compromete a recabar los datos que sean estrictamente<br \/>\nnecesarios para llevar a cabo el servicio demandado por el Usuario en cada caso, sin los cuales<br \/>\nno ser\u00eda posible gestionar la prestaci\u00f3n. Asimismo NOU 3 DISSENY I COORDINACIO se<br \/>\ncompromete a cumplir con el deber de secreto y confidencialidad respecto de los datos<br \/>\npersonales proporcionados por el Usuario de acuerdo con la legislaci\u00f3n aplicable.<br \/>\nSi tiene alguna pregunta sobre nuestra Pol\u00edtica de Privacidad, rogamos que se ponga en<br \/>\ncontacto con nosotros enviando un correo electr\u00f3nico a \u00a0Asimismo, se le informa de la<br \/>\nposibilidad de poner en conocimiento a la Agencia Espa\u00f1ola de Protecci\u00f3n de Datos cualquier<br \/>\nincidencia sobre el tratamiento de sus datos. La Agencia Espa\u00f1ola de Protecci\u00f3n de Datos tiene<br \/>\nla funci\u00f3n de velar por el cumplimiento de la legislaci\u00f3n y controlar su aplicaci\u00f3n. Puede<br \/>\nponerse en contacto con la Agencia Espa\u00f1ola de Protecci\u00f3n de Datos a trav\u00e9s de la direcci\u00f3n<br \/>\nweb.www.agpd.es o a trav\u00e9s del tel\u00e9fono 912 66 35 17.<br \/>\n3. DERECHOS DE PROPIEDAD INTELECTUAL E INDUSTRIAL<br \/>\nTodos los contenidos del web (incluyendo, sin car\u00e1cter limitativo: bases de datos, im\u00e1genes,<br \/>\ndibujos, gr\u00e1ficos, archivos de texto, audio, v\u00eddeo y software) son propiedad de NOU 3 DISSENY<br \/>\nI COORDINACIO y est\u00e1n protegidos por las normas nacionales o internacionales de propiedad<br \/>\nintelectual e industrial. Las marcas, r\u00f3tulos, signos distintivos o logos de NOU 3 DISSENY I<br \/>\nCOORDINACIO que aparecen en el web son titularidad de la misma entidad y como tal, est\u00e1n<br \/>\ndebidamente registrados.<br \/>\nTodos los textos, dibujos gr\u00e1ficos, v\u00eddeos o soportes de audio, propiedad de NOU 3 DISSENY I<br \/>\nCOORDINACIO no podr\u00e1n ser objeto de ulterior modificaci\u00f3n, copia, alteraci\u00f3n, reproducci\u00f3n,<br \/>\nadaptaci\u00f3n o traducci\u00f3n por parte del Usuario o de terceros sin la expresa autorizaci\u00f3n por<br \/>\nparte de NOU 3 DISSENY I COORDINACIO, salvo que se indique lo contrario.<br \/>\n4. POL\u00cdTICA DE COOKIES<br \/>\n\u00bfQu\u00e9 son las cookies?<br \/>\nUna cookie es un fichero que se descarga en su ordenador al acceder a determinadas p\u00e1ginas<br \/>\nweb. Las cookies permiten a una p\u00e1gina web, entre otras cosas, almacenar y recuperar<br \/>\ninformaci\u00f3n sobre los h\u00e1bitos de navegaci\u00f3n de un usuario o de su equipo y, dependiendo de<br \/>\nla informaci\u00f3n que contengan y de la forma en que utilice su equipo, pueden utilizarse para<br \/>\nreconocer al usuario.<br \/>\n\u00bfQu\u00e9 tipos de cookies utilizan esta p\u00e1gina web?<br \/>\nCookie Tipo Finalidad<br \/>\nis_returning an\u00e1lisis Recogida de datos estad\u00edsticos por CrazyEgg (ejemplo)<\/p>\n<p>\uf0b7 Cookies de an\u00e1lisis: Son aqu\u00e9llas que bien tratadas por nosotros o por terceros, nos permiten<br \/>\ncuantificar el n\u00famero de usuarios y as\u00ed realizar la medici\u00f3n y an\u00e1lisis estad\u00edstico de la<br \/>\nutilizaci\u00f3n que hacen los usuarios del servicio ofertado. Para ello se analiza su navegaci\u00f3n en<br \/>\nnuestra p\u00e1gina web con el fin de mejorar la oferta de productos o servicios que le ofrecemos.<br \/>\n\uf0b7 Cookies de sistema: Son aqu\u00e9llas que usa el website para el correcto funcionamiento del<br \/>\nmismo.<br \/>\nLas cookies propias de la web son tratadas \u00fanicamente por [EMPRESA CLIENTE]. En cuanto a la<br \/>\nutilizaci\u00f3n de cookies por terceros consulte en este <a href=\"https:\/\/policies.google.com\/privacy?hl=es\">enlace<\/a> donde puede acceder a la pol\u00edtica<br \/>\nde privacidad de estos servicios de Google.<br \/>\nDesactivaci\u00f3n o eliminaci\u00f3n de cookies<br \/>\nPuede usted permitir, bloquear o eliminar las cookies instaladas en su equipo mediante la<br \/>\nconfiguraci\u00f3n de las opciones del navegador instalado en su ordenador.<br \/>\n\uf0b7 Para m\u00e1s informaci\u00f3n sobre el navegador Firefox pulse <a href=\"https:\/\/support.mozilla.org\/es\/kb\/cookies-informacion-que-los-sitios-web-guardan-en-\">aqu\u00ed.<\/a><br \/>\n\uf0b7 Para m\u00e1s informaci\u00f3n sobre el navegador Chrome pulse <a href=\"https:\/\/support.google.com\/chrome\/answer\/95647?hl=es\">aqu\u00ed.<\/a><br \/>\n\uf0b7 Para m\u00e1s informaci\u00f3n sobre el navegador Explorer pulse <a href=\"https:\/\/support.microsoft.com\/es-es\/help\/17442\/windows-internet-explorer-delete-manage-cookies\">aqu\u00ed.<\/a><br \/>\n\uf0b7 Para m\u00e1s informaci\u00f3n sobre el navegador Safari desde <a href=\"https:\/\/support.apple.com\/es-es\/HT201265\">aqu\u00ed.<\/a><br \/>\n\uf0b7 Para m\u00e1s informaci\u00f3n sobre el navegador Opera desde <a href=\"https:\/\/help.opera.com\/es\/Mac\/12.10\/es-LA\/cookies.html\">aqu\u00ed.<\/a><\/p>\n<p>El Usuario acepta expresamente, por la utilizaci\u00f3n de este Site, el tratamiento de la<br \/>\ninformaci\u00f3n recabada en la forma y con los fines anteriormente mencionados. Y asimismo<br \/>\nreconoce conocer la posibilidad de rechazar el tratamiento de tales datos o informaci\u00f3n<br \/>\nrechazando el uso de Cookies mediante la selecci\u00f3n de la configuraci\u00f3n apropiada a tal fin en<br \/>\nsu navegador. Si bien esta opci\u00f3n de bloqueo de Cookies en su navegador puede no permitirle<br \/>\nel uso pleno de todas las funcionalidades del Website.<br \/>\n5. JURISDICCI\u00d3N Y FUERO APLICABLE<br \/>\nEn cumplimiento de lo previsto en el art. 10 de la Ley 34\/2002, de 11 de julio, Servicios de la<br \/>\nSociedad de la Informaci\u00f3n y Comercio Electr\u00f3nico se pone de manifiesto que la empresa<br \/>\nNOU 3 DISSENY I COORDINACIO CIF B61365482 <strong>Inscrita en el Registro Mercantil de Barcelona<\/strong><br \/>\n<strong>Tomo 29799, Folio 115, Hoja b 161193 inscripci\u00f3n 1 , y es titular del dominio de internet \u00ab<\/strong><br \/>\n<strong>www.nou3.cat\u00bb, con domicilio en Cami Antic de Sant Cugat, 80 8192 SANT QUIRZE DEL VALL\u00c8S<\/strong><br \/>\nLos conflictos que puedan surgir por la aplicaci\u00f3n de las presentes normas se regular\u00e1n por las<\/p>\n<p>leyes de Espa\u00f1a y ser\u00e1n resueltos por los juzgados y tribunales que correspondan seg\u00fan la<br \/>\njurisdicci\u00f3n territorial del domicilio social de la Compa\u00f1\u00eda o grupo.<\/p>\n","protected":false},"excerpt":{"rendered":"<p>1. T\u00e9rminos de uso 2. Pol\u00edtica de Privacidad 3. Derechos de Propiedad Intelectual e Industrial 4. Pol\u00edtica de cookies 5. Jurisdicci\u00f3n y fuero aplicable La presente informaci\u00f3n legal regula el uso del servicio del web www.nou3.cat que\u00a0 NOU 3 DISSENY I COORDINACIO pone a disposici\u00f3n de los usuarios de Internet. La utilizaci\u00f3n del web atribuye [&hellip;]<\/p>\n","protected":false},"author":1,"featured_media":0,"parent":0,"menu_order":0,"comment_status":"closed","ping_status":"closed","template":"","meta":{"_et_pb_use_builder":"off","_et_pb_old_content":"<p><strong>1. T\u00e9rminos de uso<\/strong><br \/><strong>2. Pol\u00edtica de Privacidad<\/strong><br \/><strong>3. Derechos de Propiedad Intelectual e Industrial<\/strong><br \/><strong>4. Pol\u00edtica de cookies<\/strong><br \/><strong>5. Jurisdicci\u00f3n y fuero aplicable<\/strong><\/p><p>La presente informaci\u00f3n legal regula el uso del servicio del web www.nou3.cat que\u00a0 NOU 3<br \/>DISSENY I COORDINACIO pone a disposici\u00f3n de los usuarios de Internet.<br \/>La utilizaci\u00f3n del web atribuye la condici\u00f3n de usuario del Portal (en adelante, el 'Usuario') e<br \/>implica la aceptaci\u00f3n plena y sin reservas de todas y cada una de las disposiciones incluidas en<br \/>este Aviso Legal en la versi\u00f3n publicada por NOU 3 DISSENY I COORDINACIO, en el momento<br \/>mismo en que el Usuario acceda al Portal. En consecuencia, el Usuario debe leer atentamente<br \/>el presente texto en cada una de las ocasiones en que se proponga utilizar el Portal, ya que<br \/>aqu\u00e9l puede sufrir modificaciones.<br \/><strong>1. T\u00c9RMINOS DE USO<\/strong><br \/>NOU 3 DISSENY I COORDINACIO S.L es la sociedad titular del web www.nou3.cat as\u00ed como del<br \/>dominio [www.nou3.cat], entre otros.<br \/>NOU 3 DISSENY I COORDINACIO S.L declina cualquier responsabilidad respecto a la<br \/>informaci\u00f3n que se halle fuera de este web y no est\u00e9 gestionado directamente por nuestro<br \/>web master.<br \/>NOU 3 DISSENY I COORDINACIO S.L se reserva el derecho a llevar a cabo el desarrollo,<br \/>modificaci\u00f3n, exclusi\u00f3n o inclusi\u00f3n de textos o im\u00e1genes en el desarrollo de sus p\u00e1ginas web.<br \/><strong>2. POL\u00cdTICA DE PRIVACIDAD<\/strong><br \/>El Titular garantiza el cumplimiento de lo dispuesto en el Reglamento (UE) 2016\/679 del<br \/>Parlamento Europeo y del Consejo de 27 de abril de 2016 relativo a la protecci\u00f3n de las<br \/>personas f\u00edsicas en lo que respecta al tratamiento de datos personales y a la libre circulaci\u00f3n<br \/>de estos datos.<br \/>Cuando le sean solicitados datos personales a trav\u00e9s del presente sitio web, el Usuario los<br \/>incorporar\u00e1 voluntariamente, y ser\u00e1 debidamente informado de la identidad del solicitante, las<br \/>finalidades de la solicitud, legitimaci\u00f3n para el tratamiento de los datos, as\u00ed como de la<br \/>posibilidad y procedimiento para ejercer sus derechos conforme a lo dispuesto en el citado<br \/>Reglamento (UE) 2016\/679.<br \/>El Usuario garantiza que los datos personales facilitados son veraces y se hace responsable de<br \/>comunicar a NOU 3 DISSENY I COORDINACIO S.L cualquier modificaci\u00f3n de los mismos con el<br \/>objetivo de mantener los datos actualizados. NOU 3 DISSENY I COORDINACIO S.L se reserva el<br \/>derecho a excluir de los servicios a todo Usuario que haya facilitado datos falsos, sin perjuicio<br \/>de las dem\u00e1s acciones que procedan en Derecho.<\/p><p>La cumplimentaci\u00f3n de todos los datos solicitados es necesaria para lograr el \u00e9xito de los<br \/>servicios puestos a disposici\u00f3n del usuario en el presente sitio web. De no facilitarse todos los<br \/>datos o ser \u00e9stos inexactos NOU 3 DISSENY I COORDINACIO no garantiza que los servicios<br \/>puedan prestarse correctamente o se ajusten a las necesidades del Usuario.<br \/>NOU 3 DISSENY I COORDINACIO se compromete a recabar los datos que sean estrictamente<br \/>necesarios para llevar a cabo el servicio demandado por el Usuario en cada caso, sin los cuales<br \/>no ser\u00eda posible gestionar la prestaci\u00f3n. Asimismo NOU 3 DISSENY I COORDINACIO se<br \/>compromete a cumplir con el deber de secreto y confidencialidad respecto de los datos<br \/>personales proporcionados por el Usuario de acuerdo con la legislaci\u00f3n aplicable.<br \/>Si tiene alguna pregunta sobre nuestra Pol\u00edtica de Privacidad, rogamos que se ponga en<br \/>contacto con nosotros enviando un correo electr\u00f3nico a \u00a0Asimismo, se le informa de la<br \/>posibilidad de poner en conocimiento a la Agencia Espa\u00f1ola de Protecci\u00f3n de Datos cualquier<br \/>incidencia sobre el tratamiento de sus datos. La Agencia Espa\u00f1ola de Protecci\u00f3n de Datos tiene<br \/>la funci\u00f3n de velar por el cumplimiento de la legislaci\u00f3n y controlar su aplicaci\u00f3n. Puede<br \/>ponerse en contacto con la Agencia Espa\u00f1ola de Protecci\u00f3n de Datos a trav\u00e9s de la direcci\u00f3n<br \/>web.www.agpd.es o a trav\u00e9s del tel\u00e9fono 912 66 35 17.<br \/>3. DERECHOS DE PROPIEDAD INTELECTUAL E INDUSTRIAL<br \/>Todos los contenidos del web (incluyendo, sin car\u00e1cter limitativo: bases de datos, im\u00e1genes,<br \/>dibujos, gr\u00e1ficos, archivos de texto, audio, v\u00eddeo y software) son propiedad de NOU 3 DISSENY<br \/>I COORDINACIO y est\u00e1n protegidos por las normas nacionales o internacionales de propiedad<br \/>intelectual e industrial. Las marcas, r\u00f3tulos, signos distintivos o logos de NOU 3 DISSENY I<br \/>COORDINACIO que aparecen en el web son titularidad de la misma entidad y como tal, est\u00e1n<br \/>debidamente registrados.<br \/>Todos los textos, dibujos gr\u00e1ficos, v\u00eddeos o soportes de audio, propiedad de NOU 3 DISSENY I<br \/>COORDINACIO no podr\u00e1n ser objeto de ulterior modificaci\u00f3n, copia, alteraci\u00f3n, reproducci\u00f3n,<br \/>adaptaci\u00f3n o traducci\u00f3n por parte del Usuario o de terceros sin la expresa autorizaci\u00f3n por<br \/>parte de NOU 3 DISSENY I COORDINACIO, salvo que se indique lo contrario.<br \/>4. POL\u00cdTICA DE COOKIES<br \/>\u00bfQu\u00e9 son las cookies?<br \/>Una cookie es un fichero que se descarga en su ordenador al acceder a determinadas p\u00e1ginas<br \/>web. Las cookies permiten a una p\u00e1gina web, entre otras cosas, almacenar y recuperar<br \/>informaci\u00f3n sobre los h\u00e1bitos de navegaci\u00f3n de un usuario o de su equipo y, dependiendo de<br \/>la informaci\u00f3n que contengan y de la forma en que utilice su equipo, pueden utilizarse para<br \/>reconocer al usuario.<br \/>\u00bfQu\u00e9 tipos de cookies utilizan esta p\u00e1gina web?<br \/>Cookie Tipo Finalidad<br \/>is_returning an\u00e1lisis Recogida de datos estad\u00edsticos por CrazyEgg (ejemplo)<\/p><p>\uf0b7 Cookies de an\u00e1lisis: Son aqu\u00e9llas que bien tratadas por nosotros o por terceros, nos permiten<br \/>cuantificar el n\u00famero de usuarios y as\u00ed realizar la medici\u00f3n y an\u00e1lisis estad\u00edstico de la<br \/>utilizaci\u00f3n que hacen los usuarios del servicio ofertado. Para ello se analiza su navegaci\u00f3n en<br \/>nuestra p\u00e1gina web con el fin de mejorar la oferta de productos o servicios que le ofrecemos.<br \/>\uf0b7 Cookies de sistema: Son aqu\u00e9llas que usa el website para el correcto funcionamiento del<br \/>mismo.<br \/>Las cookies propias de la web son tratadas \u00fanicamente por [EMPRESA CLIENTE]. En cuanto a la<br \/>utilizaci\u00f3n de cookies por terceros consulte en este <a href=\"https:\/\/policies.google.com\/privacy?hl=es\">enlace<\/a> donde puede acceder a la pol\u00edtica<br \/>de privacidad de estos servicios de Google.<br \/>Desactivaci\u00f3n o eliminaci\u00f3n de cookies<br \/>Puede usted permitir, bloquear o eliminar las cookies instaladas en su equipo mediante la<br \/>configuraci\u00f3n de las opciones del navegador instalado en su ordenador.<br \/>\uf0b7 Para m\u00e1s informaci\u00f3n sobre el navegador Firefox pulse <a href=\"https:\/\/support.mozilla.org\/es\/kb\/cookies-informacion-que-los-sitios-web-guardan-en-\">aqu\u00ed.<\/a><br \/>\uf0b7 Para m\u00e1s informaci\u00f3n sobre el navegador Chrome pulse <a href=\"https:\/\/support.google.com\/chrome\/answer\/95647?hl=es\">aqu\u00ed.<\/a><br \/>\uf0b7 Para m\u00e1s informaci\u00f3n sobre el navegador Explorer pulse <a href=\"https:\/\/support.microsoft.com\/es-es\/help\/17442\/windows-internet-explorer-delete-manage-cookies\">aqu\u00ed.<\/a><br \/>\uf0b7 Para m\u00e1s informaci\u00f3n sobre el navegador Safari desde <a href=\"https:\/\/support.apple.com\/es-es\/HT201265\">aqu\u00ed.<\/a><br \/>\uf0b7 Para m\u00e1s informaci\u00f3n sobre el navegador Opera desde <a href=\"https:\/\/help.opera.com\/es\/Mac\/12.10\/es-LA\/cookies.html\">aqu\u00ed.<\/a><\/p><p>El Usuario acepta expresamente, por la utilizaci\u00f3n de este Site, el tratamiento de la<br \/>informaci\u00f3n recabada en la forma y con los fines anteriormente mencionados. Y asimismo<br \/>reconoce conocer la posibilidad de rechazar el tratamiento de tales datos o informaci\u00f3n<br \/>rechazando el uso de Cookies mediante la selecci\u00f3n de la configuraci\u00f3n apropiada a tal fin en<br \/>su navegador. Si bien esta opci\u00f3n de bloqueo de Cookies en su navegador puede no permitirle<br \/>el uso pleno de todas las funcionalidades del Website.<br \/>5. JURISDICCI\u00d3N Y FUERO APLICABLE<br \/>En cumplimiento de lo previsto en el art. 10 de la Ley 34\/2002, de 11 de julio, Servicios de la<br \/>Sociedad de la Informaci\u00f3n y Comercio Electr\u00f3nico se pone de manifiesto que la empresa<br \/>NOU 3 DISSENY I COORDINACIO CIF B61365482 <strong>Inscrita en el Registro Mercantil de Barcelona<\/strong><br \/><strong>Tomo 29799, Folio 115, Hoja b 161193 inscripci\u00f3n 1 , y es titular del dominio de internet \"<\/strong><br \/><strong>www.nou3.cat\", con domicilio en Cami Antic de Sant Cugat, 80 8192 SANT QUIRZE DEL VALL\u00c8S<\/strong><br \/>Los conflictos que puedan surgir por la aplicaci\u00f3n de las presentes normas se regular\u00e1n por las<\/p><p>leyes de Espa\u00f1a y ser\u00e1n resueltos por los juzgados y tribunales que correspondan seg\u00fan la<br \/>jurisdicci\u00f3n territorial del domicilio social de la Compa\u00f1\u00eda o grupo.<\/p>","_et_gb_content_width":"","footnotes":""},"class_list":["post-973","page","type-page","status-publish","hentry"],"_links":{"self":[{"href":"https:\/\/nou3.design\/es\/wp-json\/wp\/v2\/pages\/973","targetHints":{"allow":["GET"]}}],"collection":[{"href":"https:\/\/nou3.design\/es\/wp-json\/wp\/v2\/pages"}],"about":[{"href":"https:\/\/nou3.design\/es\/wp-json\/wp\/v2\/types\/page"}],"author":[{"embeddable":true,"href":"https:\/\/nou3.design\/es\/wp-json\/wp\/v2\/users\/1"}],"replies":[{"embeddable":true,"href":"https:\/\/nou3.design\/es\/wp-json\/wp\/v2\/comments?post=973"}],"version-history":[{"count":1,"href":"https:\/\/nou3.design\/es\/wp-json\/wp\/v2\/pages\/973\/revisions"}],"predecessor-version":[{"id":3189,"href":"https:\/\/nou3.design\/es\/wp-json\/wp\/v2\/pages\/973\/revisions\/3189"}],"wp:attachment":[{"href":"https:\/\/nou3.design\/es\/wp-json\/wp\/v2\/media?parent=973"}],"curies":[{"name":"wp","href":"https:\/\/api.w.org\/{rel}","templated":true}]}}